{"id":378,"date":"2021-05-02T12:54:05","date_gmt":"2021-05-02T10:54:05","guid":{"rendered":"http:\/\/batteux.be\/FermedelaWarde\/?page_id=378"},"modified":"2025-03-06T12:07:10","modified_gmt":"2025-03-06T11:07:10","slug":"fromage","status":"publish","type":"page","link":"http:\/\/batteux.be\/FermedelaWarde\/fromage\/","title":{"rendered":"Fromage"},"content":{"rendered":"\n<p>Nos fromages frais sont pr\u00e9par\u00e9s \u00e0 partir de lait demi-\u00e9cr\u00e9m\u00e9 <strong>cru <\/strong>produit sur la ferme. Tous les autres ingr\u00e9dients sont <strong>bio<\/strong>. Garanti <strong>sans conservateur ou autre additif<\/strong>. Les fromages peuvent se d\u00e9guster comme en-cas avec des confitures ou sur un toast ou une tranche de pain, nature ou aromatis\u00e9s aux herbes.<\/p>\n\n\n\n<p>Nos fromages sont conditionn\u00e9s dans des contenants en verre <strong>consign\u00e9s <\/strong>(pas de reprise des couvercles).<\/p>\n\n\n\n<h2>Allerg\u00e8nes<\/h2>\n\n\n\n<p>Les fromages frais sont fabriqu\u00e9s \u00e0 partir de <strong>lait cru <\/strong>de vache. <\/p>\n\n\n","protected":false},"excerpt":{"rendered":"<p>Nos fromages frais sont pr\u00e9par\u00e9s \u00e0 partir de lait demi-\u00e9cr\u00e9m\u00e9 cru produit sur la ferme. Tous les autres ingr\u00e9dients sont bio. Garanti sans conservateur ou autre additif. Les fromages peuvent se d\u00e9guster comme en-cas avec des confitures ou sur un toast ou une tranche de pain, nature ou aromatis\u00e9s aux herbes. Nos fromages sont conditionn\u00e9s &hellip; <\/p>\n<p class=\"link-more\"><a href=\"http:\/\/batteux.be\/FermedelaWarde\/fromage\/\" class=\"more-link\">Continuer la lecture<span class=\"screen-reader-text\"> de &laquo;&nbsp;Fromage&nbsp;&raquo;<\/span><\/a><\/p>\n","protected":false},"author":1,"featured_media":334,"parent":0,"menu_order":0,"comment_status":"closed","ping_status":"closed","template":"","meta":[],"_links":{"self":[{"href":"http:\/\/batteux.be\/FermedelaWarde\/wp-json\/wp\/v2\/pages\/378"}],"collection":[{"href":"http:\/\/batteux.be\/FermedelaWarde\/wp-json\/wp\/v2\/pages"}],"about":[{"href":"http:\/\/batteux.be\/FermedelaWarde\/wp-json\/wp\/v2\/types\/page"}],"author":[{"embeddable":true,"href":"http:\/\/batteux.be\/FermedelaWarde\/wp-json\/wp\/v2\/users\/1"}],"replies":[{"embeddable":true,"href":"http:\/\/batteux.be\/FermedelaWarde\/wp-json\/wp\/v2\/comments?post=378"}],"version-history":[{"count":12,"href":"http:\/\/batteux.be\/FermedelaWarde\/wp-json\/wp\/v2\/pages\/378\/revisions"}],"predecessor-version":[{"id":1137,"href":"http:\/\/batteux.be\/FermedelaWarde\/wp-json\/wp\/v2\/pages\/378\/revisions\/1137"}],"wp:featuredmedia":[{"embeddable":true,"href":"http:\/\/batteux.be\/FermedelaWarde\/wp-json\/wp\/v2\/media\/334"}],"wp:attachment":[{"href":"http:\/\/batteux.be\/FermedelaWarde\/wp-json\/wp\/v2\/media?parent=378"}],"curies":[{"name":"wp","href":"https:\/\/api.w.org\/{rel}","templated":true}]}}