{"id":9,"date":"2018-10-09T19:53:27","date_gmt":"2018-10-09T17:53:27","guid":{"rendered":"http:\/\/batteux.be\/batteux.be\/Hubert\/?page_id=9"},"modified":"2021-11-03T11:09:21","modified_gmt":"2021-11-03T10:09:21","slug":"contact","status":"publish","type":"page","link":"http:\/\/batteux.be\/FermedelaWarde\/contact\/","title":{"rendered":"Contact"},"content":{"rendered":"<p><strong>Ferme de la Warde<br \/>\n<\/strong>Samuel Batteux, Christine\u00a0 et Jean-Yves Delcroix<br \/>\nRue Warde, 26<br \/>\n7901 Thieulain (Leuze-en-Hainaut)<\/p>\n<p><b>Email : <\/b>fermedelawarde@gmail.com<\/p>\n<p>Pour rester au courant de notre actualit\u00e9, likez notre page <a href=\"https:\/\/www.facebook.com\/Fermedelawarde\">Facebook<\/a> !<\/p>\n<div><strong>T\u00e9l :<\/strong><\/div>\n<div>0473 18 05 72 (Samuel)<\/div>\n<div>\n<p>0473 97 88 49 (Christine)<\/p>\n<p><strong>Comment nous rejoindre ?<\/strong><\/p>\n<div id=\"lmm_c96f37d2\" style=\"width:640px;\" class=\"mapsmarker markermap marker-1\">\n<div id=\"lmm_panel_c96f37d2\" class=\"lmm-panel\" style=\"background:#efefef;\">\n<div id=\"lmm_panel_api_c96f37d2\" class=\"lmm-panel-api\"><a href=\"https:\/\/maps.google.com\/maps?daddr=Warde+26+Wallonie%2C+Belgique&amp;t=m&amp;layer=1&amp;doflg=ptk&amp;om=0\" target=\"_blank\" title=\"Obtenir l&#039;itin\u00e9raire\"><img alt=\"icon-car.png\" src=\"http:\/\/batteux.be\/FermedelaWarde\/wp-content\/plugins\/leaflet-maps-marker\/inc\/img\/icon-car.png\" width=\"14\" height=\"14\" class=\"lmm-panel-api-images\" \/><\/a><a href=\"http:\/\/batteux.be\/FermedelaWarde\/wp-content\/plugins\/leaflet-maps-marker\/leaflet-fullscreen.php?marker=1\" style=\"text-decoration:none;\" title=\"Ouvrir la carte toute seule en mode plein \u00e9cran\" target=\"_blank\"><img src=\"http:\/\/batteux.be\/FermedelaWarde\/wp-content\/plugins\/leaflet-maps-marker\/inc\/img\/icon-fullscreen.png\" width=\"14\" height=\"14\" alt=\"Fullscreen-Logo\" class=\"lmm-panel-api-images\" \/><\/a><\/div><div id=\"lmm_panel_text_c96f37d2\" class=\"lmm-panel-text\" style=\"font-weight:bold;color:#373737;\">Ferme de la Warde<\/div><\/div>\n<div id=\"lmm_map_c96f37d2\" class=\"lmm-map\" style=\"background:#f6f6f6;border:1px solid #ccc;height:480px; overflow:hidden;padding:0;\"><p style=\"font-size:80%;color:#9f9e9e;margin-left:5px;\">chargement de la carte - veuillez patienter...<noscript><br\/><strong>La carte ne peut \u00eatre charg\u00e9e - s'il vous pla\u00eet activer Javascript !<\/strong><br\/><a style=\"text-decoration:none;\" href=\"https:\/\/www.mapsmarker.com\/js-disabled\" target=\"_blank\">&rarr; plus d'informations<\/a><\/noscript><\/p><\/div>\n<div id=\"lmm_geo_tags_c96f37d2\" class=\"lmm-geo-tags geo\">\n<span class=\"paneltext\">Ferme de la Warde<\/span>\n<span class=\"latitude\">50.619611<\/span>, <span class=\"longitude\">3.612871<\/span>\n<span class=\"popuptext\"><\/span>\n<\/div>\n<\/div>\n<\/div>\n<div><\/div>\n","protected":false},"excerpt":{"rendered":"<p>Ferme de la Warde Samuel Batteux, Christine\u00a0 et Jean-Yves Delcroix Rue Warde, 26 7901 Thieulain (Leuze-en-Hainaut) Email : fermedelawarde@gmail.com Pour rester au courant de notre actualit\u00e9, likez notre page Facebook ! T\u00e9l : 0473 18 05 72 (Samuel) 0473 97 88 49 (Christine) Comment nous rejoindre ?<\/p>\n","protected":false},"author":1,"featured_media":0,"parent":0,"menu_order":0,"comment_status":"closed","ping_status":"closed","template":"","meta":[],"_links":{"self":[{"href":"http:\/\/batteux.be\/FermedelaWarde\/wp-json\/wp\/v2\/pages\/9"}],"collection":[{"href":"http:\/\/batteux.be\/FermedelaWarde\/wp-json\/wp\/v2\/pages"}],"about":[{"href":"http:\/\/batteux.be\/FermedelaWarde\/wp-json\/wp\/v2\/types\/page"}],"author":[{"embeddable":true,"href":"http:\/\/batteux.be\/FermedelaWarde\/wp-json\/wp\/v2\/users\/1"}],"replies":[{"embeddable":true,"href":"http:\/\/batteux.be\/FermedelaWarde\/wp-json\/wp\/v2\/comments?post=9"}],"version-history":[{"count":39,"href":"http:\/\/batteux.be\/FermedelaWarde\/wp-json\/wp\/v2\/pages\/9\/revisions"}],"predecessor-version":[{"id":512,"href":"http:\/\/batteux.be\/FermedelaWarde\/wp-json\/wp\/v2\/pages\/9\/revisions\/512"}],"wp:attachment":[{"href":"http:\/\/batteux.be\/FermedelaWarde\/wp-json\/wp\/v2\/media?parent=9"}],"curies":[{"name":"wp","href":"https:\/\/api.w.org\/{rel}","templated":true}]}}